{"id":11928,"date":"2023-01-04T18:24:58","date_gmt":"2023-01-04T18:24:58","guid":{"rendered":"http:\/\/bdservices.com.mx\/En\/?page_id=11928"},"modified":"2023-03-08T14:58:11","modified_gmt":"2023-03-08T14:58:11","slug":"contacto","status":"publish","type":"page","link":"https:\/\/bdservices.com.mx\/En\/contacto\/","title":{"rendered":"Contacto"},"content":{"rendered":"\t\t<div data-elementor-type=\"wp-page\" data-elementor-id=\"11928\" class=\"elementor elementor-11928\">\n\t\t\t\t\t\t\t\t\t<section class=\"elementor-section elementor-top-section elementor-element elementor-element-a03ff34 elementor-section-full_width elementor-section-height-default elementor-section-height-default\" data-id=\"a03ff34\" data-element_type=\"section\" id=\"inicio\">\n\t\t\t\t\t\t<div class=\"elementor-container elementor-column-gap-default\">\n\t\t\t\t\t<div class=\"elementor-column elementor-col-100 elementor-top-column elementor-element elementor-element-83126c4\" data-id=\"83126c4\" data-element_type=\"column\" data-settings=\"{&quot;background_background&quot;:&quot;classic&quot;}\">\n\t\t\t<div class=\"elementor-widget-wrap elementor-element-populated\">\n\t\t\t\t\t\t\t\t<div class=\"elementor-element elementor-element-4019a4c elementor-widget elementor-widget-hub_fancy_heading\" data-id=\"4019a4c\" data-element_type=\"widget\" data-widget_type=\"hub_fancy_heading.default\">\n\t\t\t\t<div class=\"elementor-widget-container\">\n\t\t\t\n\t\t<div id=\"ld-fancy-heading-69dfff55c7c0e\" class=\"ld-fancy-heading pos-rel\">\n\t\t\t<h2 class=\"ld-fh-element d-inline-block pos-rel elementor-heading-title normal lqd-highlight-classic lqd-highlight-grow-left h2\"  > Contact Us<\/h2>\t\t<\/div>\n\n\t\t\t\t<\/div>\n\t\t\t\t<\/div>\n\t\t\t\t\t<\/div>\n\t\t<\/div>\n\t\t\t\t\t\t\t<\/div>\n\t\t<\/section>\n\t\t\t\t<section class=\"elementor-section elementor-top-section elementor-element elementor-element-689d12a elementor-section-full_width elementor-section-height-default elementor-section-height-default\" data-id=\"689d12a\" data-element_type=\"section\">\n\t\t\t\t\t\t<div class=\"elementor-container elementor-column-gap-default\">\n\t\t\t\t\t<div class=\"elementor-column elementor-col-50 elementor-top-column elementor-element elementor-element-446f993\" data-id=\"446f993\" data-element_type=\"column\" data-settings=\"{&quot;background_background&quot;:&quot;classic&quot;}\">\n\t\t\t<div class=\"elementor-widget-wrap elementor-element-populated\">\n\t\t\t\t\t\t\t\t<div class=\"elementor-element elementor-element-9495a28 elementor-widget elementor-widget-ld_particles\" data-id=\"9495a28\" data-element_type=\"widget\" data-widget_type=\"ld_particles.default\">\n\t\t\t\t<div class=\"elementor-widget-container\">\n\t\t\t\n\t\t<div class=\"ld-particles-container pos-rel w-100 lqd-particle-63b5c42d661ff\" style=\"height: 500px\">\n\n\t\t\t<div class=\"ld-particles-inner lqd-overlay pointer-events-none\" id=\"lqd-particle-63b5c42d661ff\" data-particles=\"true\" data-particles-options='{\"particles\":{\"color\":{\"value\":\"#93BCD8\"},\"shape\":{\"type\":[\"polygon\"],\"stroke\":{\"color\":\"#93BCD8\"}},\"opacity\":{\"value\":1},\"size\":{\"value\":3},\"move\":{\"enable\":true,\"direction\":\"none\",\"speed\":2,\"out_mode\":\"out\"}},\"interactivity\":{\"detect_on\":\"canvas\",\"events\":{\"onclick\":{\"enable\":true,\"mode\":[\"push\"]}}},\"retina_detect\":true}'><\/div>\t\n\n\t\t<\/div>\n\n\t\t\t<\/div>\n\t\t\t\t<\/div>\n\t\t\t\t\t<\/div>\n\t\t<\/div>\n\t\t\t\t<div class=\"elementor-column elementor-col-50 elementor-top-column elementor-element elementor-element-a48fb4a\" data-id=\"a48fb4a\" data-element_type=\"column\">\n\t\t\t<div class=\"elementor-widget-wrap elementor-element-populated\">\n\t\t\t\t\t\t\t\t<div class=\"elementor-element elementor-element-3e8155d elementor-widget elementor-widget-shortcode\" data-id=\"3e8155d\" data-element_type=\"widget\" data-widget_type=\"shortcode.default\">\n\t\t\t\t<div class=\"elementor-widget-container\">\n\t\t\t\t\t<div class=\"elementor-shortcode\"><div class=\"forminator-ui forminator-custom-form forminator-custom-form-11958 forminator-design--material  forminator_ajax\" data-forminator-render=\"0\" data-form=\"forminator-module-11958\" data-uid=\"69dfff55c9608\"><br\/><\/div><form\n\t\t\t\tid=\"forminator-module-11958\"\n\t\t\t\tclass=\"forminator-ui forminator-custom-form forminator-custom-form-11958 forminator-design--material  forminator_ajax\"\n\t\t\t\tmethod=\"post\"\n\t\t\t\tdata-forminator-render=\"0\"\n\t\t\t\tdata-form-id=\"11958\"\n\t\t\t\t\n\t\t\t\tdata-design=\"material\"\n\t\t\t\t\n\t\t\t\t\n\t\t\t\t\n\t\t\t\tdata-grid=\"open\"\n\t\t\t\t\n\t\t\t\t\n\t\t\t\tstyle=\"display: none;\"\n\t\t\t\t\n\t\t\t\tdata-uid=\"69dfff55c9608\"\n\t\t\t><div role=\"alert\" aria-live=\"polite\" class=\"forminator-response-message forminator-error\" aria-hidden=\"true\"><\/div><div class=\"forminator-row\"><div id=\"name-1\" class=\"forminator-field-name forminator-col forminator-col-12 \"><div class=\"forminator-field\"><input type=\"text\" name=\"name-1\" value=\"\" placeholder=\"Full Name\" id=\"forminator-field-name-1_69dfff55c9608\" class=\"forminator-input forminator-name--field\" aria-required=\"true\" \/><\/div><\/div><\/div><div class=\"forminator-row\"><div id=\"email-1\" class=\"forminator-field-email forminator-col forminator-col-12 \"><div class=\"forminator-field\"><input type=\"email\" name=\"email-1\" value=\"\" placeholder=\"E-mail\" id=\"forminator-field-email-1_69dfff55c9608\" class=\"forminator-input forminator-email--field\" data-required=\"true\" aria-required=\"true\" \/><\/div><\/div><\/div><div class=\"forminator-row\"><div id=\"phone-1\" class=\"forminator-field-phone forminator-col forminator-col-12 \"><div class=\"forminator-field\"><input type=\"text\" name=\"phone-1\" value=\"\" placeholder=\"Mobile phone\" id=\"forminator-field-phone-1_69dfff55c9608\" class=\"forminator-input forminator-field--phone\" data-required=\"\" aria-required=\"false\" autocomplete=\"off\" \/><\/div><\/div><\/div><div class=\"forminator-row\"><div id=\"textarea-1\" class=\"forminator-field-textarea forminator-col forminator-col-12 \"><div class=\"forminator-field\"><label for=\"forminator-field-textarea-1_69dfff55c9608\" id=\"forminator-field-textarea-1_69dfff55c9608-label\" class=\"forminator-label\">Message<\/label><textarea name=\"textarea-1\" placeholder=\"Enter your message...\" id=\"forminator-field-textarea-1_69dfff55c9608\" class=\"forminator-textarea\" rows=\"6\" style=\"min-height:140px;\" maxlength=\"180\" ><\/textarea><span id=\"forminator-field-textarea-1_69dfff55c9608-description\" class=\"forminator-description\"><span data-limit=\"180\" data-type=\"characters\">0 \/ 180<\/span><\/span><\/div><\/div><\/div><input type=\"hidden\" name=\"referer_url\" value=\"\" \/><div class=\"forminator-row forminator-row-last\"><div class=\"forminator-col\"><div class=\"forminator-field\"><button class=\"forminator-button forminator-button-submit\"><span>Send Message<\/span><span aria-hidden=\"true\"><\/span><\/button><\/div><\/div><\/div><input type=\"hidden\" id=\"forminator_nonce\" name=\"forminator_nonce\" value=\"0b2661d3ad\" \/><input type=\"hidden\" name=\"_wp_http_referer\" value=\"\/En\/wp-json\/wp\/v2\/pages\/11928\" \/><input type=\"hidden\" name=\"form_id\" value=\"11958\"><input type=\"hidden\" name=\"page_id\" value=\"11928\"><input type=\"hidden\" name=\"form_type\" value=\"default\"><input type=\"hidden\" name=\"current_url\" value=\"https:\/\/bdservices.com.mx\/En\/contacto\/\"><input type=\"hidden\" name=\"render_id\" value=\"0\"><input type=\"hidden\" name=\"action\" value=\"forminator_submit_form_custom-forms\"><\/form><\/div>\n\t\t\t\t<\/div>\n\t\t\t\t<\/div>\n\t\t\t\t\t<\/div>\n\t\t<\/div>\n\t\t\t\t\t\t\t<\/div>\n\t\t<\/section>\n\t\t\t\t<section class=\"elementor-section elementor-top-section elementor-element elementor-element-7b23efb elementor-section-full_width elementor-section-height-default elementor-section-height-default\" data-id=\"7b23efb\" data-element_type=\"section\">\n\t\t\t\t\t\t<div class=\"elementor-container elementor-column-gap-default\">\n\t\t\t\t\t<div class=\"elementor-column elementor-col-50 elementor-top-column elementor-element elementor-element-e18a8c9\" data-id=\"e18a8c9\" data-element_type=\"column\">\n\t\t\t<div class=\"elementor-widget-wrap elementor-element-populated\">\n\t\t\t\t\t\t\t\t<section class=\"elementor-section elementor-inner-section elementor-element elementor-element-cd0a0f3 elementor-section-boxed elementor-section-height-default elementor-section-height-default\" data-id=\"cd0a0f3\" data-element_type=\"section\">\n\t\t\t\t\t\t<div class=\"elementor-container elementor-column-gap-default\">\n\t\t\t\t\t<div class=\"elementor-column elementor-col-50 elementor-inner-column elementor-element elementor-element-89b998f\" data-id=\"89b998f\" data-element_type=\"column\">\n\t\t\t<div class=\"elementor-widget-wrap elementor-element-populated\">\n\t\t\t\t\t\t\t\t<div class=\"elementor-element elementor-element-8f03383 elementor-widget elementor-widget-hub_fancy_heading\" data-id=\"8f03383\" data-element_type=\"widget\" data-widget_type=\"hub_fancy_heading.default\">\n\t\t\t\t<div class=\"elementor-widget-container\">\n\t\t\t\n\t\t<div id=\"ld-fancy-heading-69dfff55ceef5\" class=\"ld-fancy-heading pos-rel\">\n\t\t\t<h2 class=\"ld-fh-element d-inline-block pos-rel elementor-heading-title normal lqd-highlight-classic lqd-highlight-grow-left h2\"  > Contact<\/h2>\t\t<\/div>\n\n\t\t\t\t<\/div>\n\t\t\t\t<\/div>\n\t\t\t\t<div class=\"elementor-element elementor-element-6a35269 elementor-widget elementor-widget-hub_fancy_heading\" data-id=\"6a35269\" data-element_type=\"widget\" data-widget_type=\"hub_fancy_heading.default\">\n\t\t\t\t<div class=\"elementor-widget-container\">\n\t\t\t\n\t\t<div id=\"ld-fancy-heading-69dfff55cf404\" class=\"ld-fancy-heading pos-rel\">\n\t\t\t<p class=\"ld-fh-element d-inline-block pos-rel normal lqd-highlight-classic lqd-highlight-grow-left p\"  > +52 33 2184 1900<br>\natencionaclientes@bdservices.com.mx<\/p>\t\t<\/div>\n\n\t\t\t\t<\/div>\n\t\t\t\t<\/div>\n\t\t\t\t\t<\/div>\n\t\t<\/div>\n\t\t\t\t<div class=\"elementor-column elementor-col-50 elementor-inner-column elementor-element elementor-element-2b8a2b3\" data-id=\"2b8a2b3\" data-element_type=\"column\">\n\t\t\t<div class=\"elementor-widget-wrap elementor-element-populated\">\n\t\t\t\t\t\t\t\t<div class=\"elementor-element elementor-element-01d1d33 elementor-widget elementor-widget-hub_fancy_heading\" data-id=\"01d1d33\" data-element_type=\"widget\" data-widget_type=\"hub_fancy_heading.default\">\n\t\t\t\t<div class=\"elementor-widget-container\">\n\t\t\t\n\t\t<div id=\"ld-fancy-heading-69dfff55cfc5e\" class=\"ld-fancy-heading pos-rel\">\n\t\t\t<h2 class=\"ld-fh-element d-inline-block pos-rel elementor-heading-title normal lqd-highlight-classic lqd-highlight-grow-left h2\"  > Operating Hours<\/h2>\t\t<\/div>\n\n\t\t\t\t<\/div>\n\t\t\t\t<\/div>\n\t\t\t\t<div class=\"elementor-element elementor-element-6d12743 elementor-widget elementor-widget-hub_fancy_heading\" data-id=\"6d12743\" data-element_type=\"widget\" data-widget_type=\"hub_fancy_heading.default\">\n\t\t\t\t<div class=\"elementor-widget-container\">\n\t\t\t\n\t\t<div id=\"ld-fancy-heading-69dfff55d016c\" class=\"ld-fancy-heading pos-rel\">\n\t\t\t<p class=\"ld-fh-element d-inline-block pos-rel normal lqd-highlight-classic lqd-highlight-grow-left p\"  > Monday to Friday<br>\n9:00 a.m. to 8:00 p.m.<\/p>\t\t<\/div>\n\n\t\t\t\t<\/div>\n\t\t\t\t<\/div>\n\t\t\t\t\t<\/div>\n\t\t<\/div>\n\t\t\t\t\t\t\t<\/div>\n\t\t<\/section>\n\t\t\t\t<section class=\"elementor-section elementor-inner-section elementor-element elementor-element-5ed087f elementor-section-boxed elementor-section-height-default elementor-section-height-default\" data-id=\"5ed087f\" data-element_type=\"section\">\n\t\t\t\t\t\t<div class=\"elementor-container elementor-column-gap-default\">\n\t\t\t\t\t<div class=\"elementor-column elementor-col-50 elementor-inner-column elementor-element elementor-element-7d470c4\" data-id=\"7d470c4\" data-element_type=\"column\">\n\t\t\t<div class=\"elementor-widget-wrap elementor-element-populated\">\n\t\t\t\t\t\t\t\t<div class=\"elementor-element elementor-element-8087cb4 elementor-widget elementor-widget-hub_fancy_heading\" data-id=\"8087cb4\" data-element_type=\"widget\" data-widget_type=\"hub_fancy_heading.default\">\n\t\t\t\t<div class=\"elementor-widget-container\">\n\t\t\t\n\t\t<div id=\"ld-fancy-heading-69dfff55d0f10\" class=\"ld-fancy-heading pos-rel\">\n\t\t\t<h2 class=\"ld-fh-element d-inline-block pos-rel elementor-heading-title normal lqd-highlight-classic lqd-highlight-grow-left h2\"  > Guadalajara<\/h2>\t\t<\/div>\n\n\t\t\t\t<\/div>\n\t\t\t\t<\/div>\n\t\t\t\t<div class=\"elementor-element elementor-element-238f9da elementor-widget elementor-widget-hub_fancy_heading\" data-id=\"238f9da\" data-element_type=\"widget\" data-widget_type=\"hub_fancy_heading.default\">\n\t\t\t\t<div class=\"elementor-widget-container\">\n\t\t\t\n\t\t<div id=\"ld-fancy-heading-69dfff55d13d3\" class=\"ld-fancy-heading pos-rel\">\n\t\t\t<p class=\"ld-fh-element d-inline-block pos-rel normal lqd-highlight-classic lqd-highlight-grow-left p\"  > Av. L\u00e1zaro C\u00e1rdenas #3670 Col.<br>\nJardines de San Ignacio C.P. 45040<\/p>\t\t<\/div>\n\n\t\t\t\t<\/div>\n\t\t\t\t<\/div>\n\t\t\t\t\t<\/div>\n\t\t<\/div>\n\t\t\t\t<div class=\"elementor-column elementor-col-50 elementor-inner-column elementor-element elementor-element-0795a22\" data-id=\"0795a22\" data-element_type=\"column\">\n\t\t\t<div class=\"elementor-widget-wrap elementor-element-populated\">\n\t\t\t\t\t\t\t\t<div class=\"elementor-element elementor-element-97bef96 elementor-widget elementor-widget-hub_fancy_heading\" data-id=\"97bef96\" data-element_type=\"widget\" data-widget_type=\"hub_fancy_heading.default\">\n\t\t\t\t<div class=\"elementor-widget-container\">\n\t\t\t\n\t\t<div id=\"ld-fancy-heading-69dfff55d1d00\" class=\"ld-fancy-heading pos-rel\">\n\t\t\t<h2 class=\"ld-fh-element d-inline-block pos-rel elementor-heading-title normal lqd-highlight-classic lqd-highlight-grow-left h2\"  > Toluca<\/h2>\t\t<\/div>\n\n\t\t\t\t<\/div>\n\t\t\t\t<\/div>\n\t\t\t\t<div class=\"elementor-element elementor-element-b47c124 elementor-widget elementor-widget-hub_fancy_heading\" data-id=\"b47c124\" data-element_type=\"widget\" data-widget_type=\"hub_fancy_heading.default\">\n\t\t\t\t<div class=\"elementor-widget-container\">\n\t\t\t\n\t\t<div id=\"ld-fancy-heading-69dfff55d21c1\" class=\"ld-fancy-heading pos-rel\">\n\t\t\t<p class=\"ld-fh-element d-inline-block pos-rel normal lqd-highlight-classic lqd-highlight-grow-left p\"  > Avenida Isidro Fabela Norte 931,<br>\nColonia Los \u00c1ngeles; Toluca,<br>\nM\u00e9xico C.P. 50020<\/p>\t\t<\/div>\n\n\t\t\t\t<\/div>\n\t\t\t\t<\/div>\n\t\t\t\t\t<\/div>\n\t\t<\/div>\n\t\t\t\t\t\t\t<\/div>\n\t\t<\/section>\n\t\t\t\t\t<\/div>\n\t\t<\/div>\n\t\t\t\t<div class=\"elementor-column elementor-col-50 elementor-top-column elementor-element elementor-element-ca3bf65\" data-id=\"ca3bf65\" data-element_type=\"column\" data-settings=\"{&quot;background_background&quot;:&quot;classic&quot;}\">\n\t\t\t<div class=\"elementor-widget-wrap elementor-element-populated\">\n\t\t\t\t\t\t\t\t<div class=\"elementor-element elementor-element-d46b55b elementor-widget elementor-widget-ld_particles\" data-id=\"d46b55b\" data-element_type=\"widget\" data-widget_type=\"ld_particles.default\">\n\t\t\t\t<div class=\"elementor-widget-container\">\n\t\t\t\n\t\t<div class=\"ld-particles-container pos-rel w-100 lqd-particle-63b5c9442a895\" style=\"height: 500px\">\n\n\t\t\t<div class=\"ld-particles-inner lqd-overlay pointer-events-none\" id=\"lqd-particle-63b5c9442a895\" data-particles=\"true\" data-particles-options='{\"particles\":{\"color\":{\"value\":\"#B2935D\"},\"shape\":{\"type\":[\"polygon\"],\"stroke\":{\"color\":\"#B2935D\"}},\"opacity\":{\"value\":1},\"size\":{\"value\":3},\"move\":{\"enable\":true,\"direction\":\"none\",\"out_mode\":\"out\"}},\"interactivity\":{\"detect_on\":\"canvas\",\"events\":{\"onclick\":{\"enable\":true,\"mode\":[\"push\"]}}},\"retina_detect\":true}'><\/div>\t\n\n\t\t<\/div>\n\n\t\t\t<\/div>\n\t\t\t\t<\/div>\n\t\t\t\t\t<\/div>\n\t\t<\/div>\n\t\t\t\t\t\t\t<\/div>\n\t\t<\/section>\n\t\t\t\t\t\t\t<\/div>\n\t\t","protected":false},"excerpt":{"rendered":"<p>Contact Us Contact +52 33 2184 1900 atencionaclientes@bdservices.com.mx Operating Hours Monday to Friday 9:00 a.m. to 8:00 p.m. Guadalajara Av. L\u00e1zaro C\u00e1rdenas #3670 Col. Jardines de San Ignacio C.P. 45040 Toluca Avenida Isidro Fabela Norte 931, Colonia Los \u00c1ngeles; Toluca, M\u00e9xico C.P. 50020<\/p>\n","protected":false},"author":2,"featured_media":0,"parent":0,"menu_order":0,"comment_status":"closed","ping_status":"closed","template":"","meta":{"footnotes":"","_joinchat":[]},"_links":{"self":[{"href":"https:\/\/bdservices.com.mx\/En\/wp-json\/wp\/v2\/pages\/11928"}],"collection":[{"href":"https:\/\/bdservices.com.mx\/En\/wp-json\/wp\/v2\/pages"}],"about":[{"href":"https:\/\/bdservices.com.mx\/En\/wp-json\/wp\/v2\/types\/page"}],"author":[{"embeddable":true,"href":"https:\/\/bdservices.com.mx\/En\/wp-json\/wp\/v2\/users\/2"}],"replies":[{"embeddable":true,"href":"https:\/\/bdservices.com.mx\/En\/wp-json\/wp\/v2\/comments?post=11928"}],"version-history":[{"count":61,"href":"https:\/\/bdservices.com.mx\/En\/wp-json\/wp\/v2\/pages\/11928\/revisions"}],"predecessor-version":[{"id":12301,"href":"https:\/\/bdservices.com.mx\/En\/wp-json\/wp\/v2\/pages\/11928\/revisions\/12301"}],"wp:attachment":[{"href":"https:\/\/bdservices.com.mx\/En\/wp-json\/wp\/v2\/media?parent=11928"}],"curies":[{"name":"wp","href":"https:\/\/api.w.org\/{rel}","templated":true}]}}